{"id":167,"date":"2015-04-08T18:39:18","date_gmt":"2015-04-08T23:39:18","guid":{"rendered":"http:\/\/compania.sk\/get-in-touch\/"},"modified":"2025-01-29T16:05:01","modified_gmt":"2025-01-29T15:05:01","slug":"kontakt","status":"publish","type":"page","link":"https:\/\/compania.sk\/?page_id=167","title":{"rendered":"Kontakt"},"content":{"rendered":"<div id=\"cs-content\" class=\"cs-content\"><\/div>\n","protected":false},"excerpt":{"rendered":"<p>Posu\u0148te svoju zna\u010dku vpred u\u017e dnes!M\u00e1te pre n\u00e1s zadanie? Nev\u00e1hajte a ozvite sa n\u00e1m. Radi pre v\u00e1s budeme pracova\u0165. compania@compania.sk Va\u0161e meno (povinn\u00e9) V\u00e1\u0161 email (povinn\u00e9) Predmet Va\u0161a spr\u00e1va &#916; &#8230;<\/p>\n","protected":false},"author":1,"featured_media":0,"parent":0,"menu_order":0,"comment_status":"closed","ping_status":"closed","template":"template-blank-4.php","meta":[],"_links":{"self":[{"href":"https:\/\/compania.sk\/index.php?rest_route=\/wp\/v2\/pages\/167"}],"collection":[{"href":"https:\/\/compania.sk\/index.php?rest_route=\/wp\/v2\/pages"}],"about":[{"href":"https:\/\/compania.sk\/index.php?rest_route=\/wp\/v2\/types\/page"}],"author":[{"embeddable":true,"href":"https:\/\/compania.sk\/index.php?rest_route=\/wp\/v2\/users\/1"}],"replies":[{"embeddable":true,"href":"https:\/\/compania.sk\/index.php?rest_route=%2Fwp%2Fv2%2Fcomments&post=167"}],"version-history":[{"count":18,"href":"https:\/\/compania.sk\/index.php?rest_route=\/wp\/v2\/pages\/167\/revisions"}],"predecessor-version":[{"id":599,"href":"https:\/\/compania.sk\/index.php?rest_route=\/wp\/v2\/pages\/167\/revisions\/599"}],"wp:attachment":[{"href":"https:\/\/compania.sk\/index.php?rest_route=%2Fwp%2Fv2%2Fmedia&parent=167"}],"curies":[{"name":"wp","href":"https:\/\/api.w.org\/{rel}","templated":true}]}}